{"id":16,"date":"2024-05-16T20:07:05","date_gmt":"2024-05-16T18:07:05","guid":{"rendered":"https:\/\/www.mjm-automation.sk\/?page_id=16"},"modified":"2026-03-09T21:33:45","modified_gmt":"2026-03-09T20:33:45","slug":"contact","status":"publish","type":"page","link":"https:\/\/www.mjm-automation.sk\/en\/contact\/","title":{"rendered":"Contact"},"content":{"rendered":"\n<div class=\"wp-block-group alignfull has-global-padding is-layout-constrained wp-container-core-group-is-layout-0117c4cf wp-block-group-is-layout-constrained\" style=\"padding-top:80px;padding-bottom:80px\">\n<h1 class=\"wp-block-heading has-text-align-center has-text-color\" style=\"color:#000000;font-size:clamp(32.518px, 2.032rem + ((1vw - 3.2px) * 2.896), 58px);line-height:1.2;text-transform:uppercase\">Kontaktujte n\u00e1s<\/h1>\n\n\n\n<hr class=\"wp-block-separator has-text-color has-alpha-channel-opacity has-background\" style=\"margin-top:10px;margin-bottom:0px;background-color:#949494;color:#949494\"\/>\n<\/div>\n\n\n<style id=\"wpforms-css-vars-100-block-e3f68815-2b7d-45e2-b216-73ad5fa19f5d\">\n\t\t\t\t#wpforms-100.wpforms-block-e3f68815-2b7d-45e2-b216-73ad5fa19f5d {\n\t\t\t\t--wpforms-field-size-input-height: 43px;\n--wpforms-field-size-input-spacing: 15px;\n--wpforms-field-size-font-size: 16px;\n--wpforms-field-size-line-height: 19px;\n--wpforms-field-size-padding-h: 14px;\n--wpforms-field-size-checkbox-size: 16px;\n--wpforms-field-size-sublabel-spacing: 5px;\n--wpforms-field-size-icon-size: 1;\n--wpforms-label-size-font-size: 16px;\n--wpforms-label-size-line-height: 19px;\n--wpforms-label-size-sublabel-font-size: 14px;\n--wpforms-label-size-sublabel-line-height: 17px;\n--wpforms-button-size-font-size: 17px;\n--wpforms-button-size-height: 41px;\n--wpforms-button-size-padding-h: 15px;\n--wpforms-button-size-margin-top: 10px;\n\t\t\t}\n\t\t\t<\/style><div class=\"wpforms-container wpforms-container-full wpforms-block wpforms-block-e3f68815-2b7d-45e2-b216-73ad5fa19f5d wpforms-render-modern\" id=\"wpforms-100\"><form id=\"wpforms-form-100\" class=\"wpforms-validate wpforms-form wpforms-ajax-form\" data-formid=\"100\" method=\"post\" enctype=\"multipart\/form-data\" action=\"\/en\/wp-json\/wp\/v2\/pages\/16\" data-token=\"aa5ecde5bdfb7e75a769eff3199f51c5\" data-token-time=\"1778832982\"><noscript class=\"wpforms-error-noscript\">Please enable JavaScript in your browser to complete this form.<\/noscript><div id=\"wpforms-error-noscript\" style=\"display: none;\">Please enable JavaScript in your browser to complete this form.<\/div><div class=\"wpforms-field-container\"><div id=\"wpforms-100-field_0-container\" class=\"wpforms-field wpforms-field-name\" data-field-id=\"0\"><label class=\"wpforms-field-label\" for=\"wpforms-100-field_0\">Va\u0161e meno: <span class=\"wpforms-required-label\" aria-hidden=\"true\">*<\/span><\/label><input type=\"text\" id=\"wpforms-100-field_0\" class=\"wpforms-field-medium wpforms-field-required\" name=\"wpforms[fields][0]\" aria-errormessage=\"wpforms-100-field_0-error\" required><\/div><div id=\"wpforms-100-field_3-container\" class=\"wpforms-field wpforms-field-number\" data-field-id=\"3\"><label class=\"wpforms-field-label\" for=\"wpforms-100-field_3\">Va\u0161e telef\u00f3nne \u010d\u00edslo: <span class=\"wpforms-required-label\" aria-hidden=\"true\">*<\/span><\/label><input type=\"number\" id=\"wpforms-100-field_3\" class=\"wpforms-field-medium wpforms-field-required\" name=\"wpforms[fields][3]\" step=\"any\" aria-errormessage=\"wpforms-100-field_3-error\" required><\/div><div id=\"wpforms-100-field_1-container\" class=\"wpforms-field wpforms-field-email\" data-field-id=\"1\"><label class=\"wpforms-field-label\" for=\"wpforms-100-field_1\">Email <span class=\"wpforms-required-label\" aria-hidden=\"true\">*<\/span><\/label><input type=\"email\" id=\"wpforms-100-field_1\" class=\"wpforms-field-medium wpforms-field-required\" name=\"wpforms[fields][1]\" spellcheck=\"false\" aria-errormessage=\"wpforms-100-field_1-error\" required><\/div><div id=\"wpforms-100-field_2-container\" class=\"wpforms-field wpforms-field-textarea\" data-field-id=\"2\"><label class=\"wpforms-field-label\" for=\"wpforms-100-field_2\">Va\u0161a spr\u00e1va:<\/label><textarea id=\"wpforms-100-field_2\" class=\"wpforms-field-medium\" name=\"wpforms[fields][2]\" aria-errormessage=\"wpforms-100-field_2-error\" ><\/textarea><\/div><\/div><!-- .wpforms-field-container --><div class=\"wpforms-submit-container\" ><input type=\"hidden\" name=\"wpforms[id]\" value=\"100\"><input type=\"hidden\" name=\"page_title\" value=\"\"><input type=\"hidden\" name=\"page_url\" value=\"https:\/\/www.mjm-automation.sk\/en\/wp-json\/wp\/v2\/pages\/16\"><input type=\"hidden\" name=\"url_referer\" value=\"\"><button type=\"submit\" name=\"wpforms[submit]\" id=\"wpforms-submit-100\" class=\"wpforms-submit\" data-alt-text=\"Sending...\" data-submit-text=\"Submit\" aria-live=\"assertive\" value=\"wpforms-submit\">Submit<\/button><img decoding=\"async\" src=\"https:\/\/www.mjm-automation.sk\/wp-content\/plugins\/wpforms-lite\/assets\/images\/submit-spin.svg\" class=\"wpforms-submit-spinner\" style=\"display: none;\" width=\"26\" height=\"26\" alt=\"Loading\"><\/div><\/form><\/div>  <!-- .wpforms-container -->\n\n\n<div class=\"wp-block-cover alignfull is-light\" style=\"margin-top:0;margin-bottom:0;padding-top:0;padding-bottom:0;min-height:50px;aspect-ratio:unset;\"><span aria-hidden=\"true\" class=\"wp-block-cover__background has-base-background-color has-background-dim-0 has-background-dim\"><\/span><div class=\"wp-block-cover__inner-container has-global-padding is-layout-constrained wp-container-core-cover-is-layout-2d4dec71 wp-block-cover-is-layout-constrained\">\n<div class=\"wp-block-columns is-layout-flex wp-container-core-columns-is-layout-2ca6c66e wp-block-columns-is-layout-flex\" style=\"margin-top:5rem;margin-bottom:5rem;padding-right:2rem;padding-left:2rem\">\n<div class=\"wp-block-column has-global-padding is-layout-constrained wp-container-core-column-is-layout-0de311d3 wp-block-column-is-layout-constrained\" style=\"padding-right:0;padding-left:0\">\n<div class=\"wp-block-group is-vertical is-content-justification-center is-layout-flex wp-container-core-group-is-layout-2cec4ef0 wp-block-group-is-layout-flex\" style=\"min-height:100%\">\n<figure class=\"wp-block-image aligncenter size-full is-resized wp-duotone-434343-7f7f7f-1\"><img decoding=\"async\" src=\"https:\/\/tyler.com\/wp-content\/uploads\/2023\/11\/marble-icon1.png\" alt=\"\" class=\"wp-image-1847\" style=\"width:48px;height:undefinedpx\"\/><\/figure>\n\n\n\n<p class=\"has-text-align-center has-text-color has-link-color wp-elements-be721a0366cf2d13304aa56dfa3dd302\" style=\"color:#000000;font-size:clamp(14px, 0.875rem + ((1vw - 3.2px) * 0.455), 18px);\">Andreja Hlinku 30\/2, 022 01, \u010cadca, Slovensko<\/p>\n<\/div>\n<\/div>\n\n\n\n<div class=\"wp-block-column is-layout-flow wp-block-column-is-layout-flow\">\n<div class=\"wp-block-group is-vertical is-content-justification-center is-layout-flex wp-container-core-group-is-layout-73867b6b wp-block-group-is-layout-flex\" style=\"min-height:100%\">\n<figure class=\"wp-block-image aligncenter size-full is-resized wp-duotone-434343-7f7f7f-2\"><img decoding=\"async\" src=\"https:\/\/tyler.com\/wp-content\/uploads\/2023\/11\/marble-icon2.png\" alt=\"\" class=\"wp-image-1848\" style=\"width:40px;height:undefinedpx\"\/><\/figure>\n\n\n\n<div class=\"wp-block-group has-global-padding is-layout-constrained wp-block-group-is-layout-constrained\">\n<p class=\"has-text-align-center has-text-color\" style=\"color:#000000;margin-top:48px;font-size:clamp(14px, 0.875rem + ((1vw - 3.2px) * 0.455), 18px);line-height:1.8\">+421 949 746 708<\/p>\n<\/div>\n<\/div>\n<\/div>\n\n\n\n<div class=\"wp-block-column is-layout-flow wp-block-column-is-layout-flow\">\n<div class=\"wp-block-group is-vertical is-content-justification-center is-layout-flex wp-container-core-group-is-layout-b6c228df wp-block-group-is-layout-flex\" style=\"min-height:100%\">\n<figure class=\"wp-block-image aligncenter size-full is-resized wp-duotone-434343-7f7f7f-3\"><img decoding=\"async\" src=\"https:\/\/tyler.com\/wp-content\/uploads\/2023\/11\/marble-icon3.png\" alt=\"\" class=\"wp-image-1849\" style=\"width:48px;height:undefinedpx\"\/><\/figure>\n\n\n\n<p class=\"has-text-align-center has-text-color\" style=\"color:#000000;font-size:clamp(14px, 0.875rem + ((1vw - 3.2px) * 0.455), 18px);line-height:1.8\">info@mjm-automation.sk<\/p>\n<\/div>\n<\/div>\n<\/div>\n<\/div><\/div>\n","protected":false},"excerpt":{"rendered":"<p>Contact Us<\/p>","protected":false},"author":1,"featured_media":0,"parent":0,"menu_order":0,"comment_status":"closed","ping_status":"closed","template":"","meta":{"footnotes":""},"class_list":["post-16","page","type-page","status-publish","hentry"],"rttpg_featured_image_url":null,"rttpg_author":{"display_name":"Milan Lys\u00edk","author_link":"https:\/\/www.mjm-automation.sk\/en\/author\/mjm-automation\/"},"rttpg_comment":0,"rttpg_category":null,"rttpg_excerpt":"Kontaktujte n\u00e1s","_links":{"self":[{"href":"https:\/\/www.mjm-automation.sk\/en\/wp-json\/wp\/v2\/pages\/16","targetHints":{"allow":["GET"]}}],"collection":[{"href":"https:\/\/www.mjm-automation.sk\/en\/wp-json\/wp\/v2\/pages"}],"about":[{"href":"https:\/\/www.mjm-automation.sk\/en\/wp-json\/wp\/v2\/types\/page"}],"author":[{"embeddable":true,"href":"https:\/\/www.mjm-automation.sk\/en\/wp-json\/wp\/v2\/users\/1"}],"replies":[{"embeddable":true,"href":"https:\/\/www.mjm-automation.sk\/en\/wp-json\/wp\/v2\/comments?post=16"}],"version-history":[{"count":5,"href":"https:\/\/www.mjm-automation.sk\/en\/wp-json\/wp\/v2\/pages\/16\/revisions"}],"predecessor-version":[{"id":580,"href":"https:\/\/www.mjm-automation.sk\/en\/wp-json\/wp\/v2\/pages\/16\/revisions\/580"}],"wp:attachment":[{"href":"https:\/\/www.mjm-automation.sk\/en\/wp-json\/wp\/v2\/media?parent=16"}],"curies":[{"name":"wp","href":"https:\/\/api.w.org\/{rel}","templated":true}]}}