{"id":14,"date":"2024-05-16T20:06:44","date_gmt":"2024-05-16T18:06:44","guid":{"rendered":"https:\/\/www.mjm-automation.sk\/?page_id=14"},"modified":"2025-09-18T22:45:57","modified_gmt":"2025-09-18T20:45:57","slug":"services","status":"publish","type":"page","link":"https:\/\/www.mjm-automation.sk\/en\/services\/","title":{"rendered":"Gal\u00e9ria"},"content":{"rendered":"<div class=\"wp-block-group alignfull has-global-padding is-layout-constrained wp-container-core-group-is-layout-c67c103f wp-block-group-is-layout-constrained\" style=\"padding-top:80px;padding-bottom:30px\">\n<h1 class=\"wp-block-heading has-text-align-center has-text-color\" style=\"color:#000000;font-size:clamp(32.518px, 2.032rem + ((1vw - 3.2px) * 2.896), 58px);line-height:1.2;text-transform:uppercase\">Automation solutions<\/h1>\n\n\n\n<hr class=\"wp-block-separator has-text-color has-alpha-channel-opacity has-background\" style=\"margin-top:10px;margin-bottom:0px;background-color:#949494;color:#949494\"\/>\n<\/div>\n\n\n\n<div class=\"wp-block-cover alignfull is-light\" style=\"margin-top:0;margin-bottom:0;padding-top:0;padding-bottom:100px\"><span aria-hidden=\"true\" class=\"wp-block-cover__background has-base-background-color has-background-dim-0 has-background-dim\"><\/span><div class=\"wp-block-cover__inner-container has-global-padding is-layout-constrained wp-container-core-cover-is-layout-3028fe77 wp-block-cover-is-layout-constrained\">\n<figure class=\"wp-block-gallery has-nested-images columns-default is-cropped wp-block-gallery-1 is-layout-flex wp-block-gallery-is-layout-flex\" style=\"margin-top:80px\">\n<figure class=\"wp-block-image size-full\"><img fetchpriority=\"high\" decoding=\"async\" width=\"768\" height=\"1024\" data-id=\"166\" src=\"https:\/\/www.mjm-automation.sk\/wp-content\/uploads\/2025\/07\/mjm-automation-projekt.jpeg\" alt=\"\" class=\"wp-image-166\" srcset=\"https:\/\/www.mjm-automation.sk\/wp-content\/uploads\/2025\/07\/mjm-automation-projekt.jpeg 768w, https:\/\/www.mjm-automation.sk\/wp-content\/uploads\/2025\/07\/mjm-automation-projekt-225x300.jpeg 225w, https:\/\/www.mjm-automation.sk\/wp-content\/uploads\/2025\/07\/mjm-automation-projekt-9x12.jpeg 9w\" sizes=\"(max-width: 768px) 100vw, 768px\" \/><\/figure>\n\n\n\n<figure class=\"wp-block-image size-full\"><img decoding=\"async\" width=\"1024\" height=\"768\" data-id=\"165\" src=\"https:\/\/www.mjm-automation.sk\/wp-content\/uploads\/2025\/07\/mjm-automation-projekt-1.jpg\" alt=\"\" class=\"wp-image-165\" srcset=\"https:\/\/www.mjm-automation.sk\/wp-content\/uploads\/2025\/07\/mjm-automation-projekt-1.jpg 1024w, https:\/\/www.mjm-automation.sk\/wp-content\/uploads\/2025\/07\/mjm-automation-projekt-1-300x225.jpg 300w, https:\/\/www.mjm-automation.sk\/wp-content\/uploads\/2025\/07\/mjm-automation-projekt-1-768x576.jpg 768w, https:\/\/www.mjm-automation.sk\/wp-content\/uploads\/2025\/07\/mjm-automation-projekt-1-16x12.jpg 16w\" sizes=\"(max-width: 1024px) 100vw, 1024px\" \/><\/figure>\n\n\n\n<figure class=\"wp-block-image size-full\"><img decoding=\"async\" width=\"1920\" height=\"2401\" data-id=\"164\" src=\"https:\/\/www.mjm-automation.sk\/wp-content\/uploads\/2025\/07\/mjm-automation-projekt-2.jpg\" alt=\"\" class=\"wp-image-164\" srcset=\"https:\/\/www.mjm-automation.sk\/wp-content\/uploads\/2025\/07\/mjm-automation-projekt-2.jpg 1920w, https:\/\/www.mjm-automation.sk\/wp-content\/uploads\/2025\/07\/mjm-automation-projekt-2-240x300.jpg 240w, https:\/\/www.mjm-automation.sk\/wp-content\/uploads\/2025\/07\/mjm-automation-projekt-2-819x1024.jpg 819w, https:\/\/www.mjm-automation.sk\/wp-content\/uploads\/2025\/07\/mjm-automation-projekt-2-768x960.jpg 768w, https:\/\/www.mjm-automation.sk\/wp-content\/uploads\/2025\/07\/mjm-automation-projekt-2-1228x1536.jpg 1228w, https:\/\/www.mjm-automation.sk\/wp-content\/uploads\/2025\/07\/mjm-automation-projekt-2-1638x2048.jpg 1638w, https:\/\/www.mjm-automation.sk\/wp-content\/uploads\/2025\/07\/mjm-automation-projekt-2-10x12.jpg 10w\" sizes=\"(max-width: 1920px) 100vw, 1920px\" \/><\/figure>\n\n\n\n<figure class=\"wp-block-image size-full\"><img loading=\"lazy\" decoding=\"async\" width=\"768\" height=\"1024\" data-id=\"163\" src=\"https:\/\/www.mjm-automation.sk\/wp-content\/uploads\/2025\/07\/mjm-automation-projekt-3.jpeg\" alt=\"\" class=\"wp-image-163\" srcset=\"https:\/\/www.mjm-automation.sk\/wp-content\/uploads\/2025\/07\/mjm-automation-projekt-3.jpeg 768w, https:\/\/www.mjm-automation.sk\/wp-content\/uploads\/2025\/07\/mjm-automation-projekt-3-225x300.jpeg 225w, https:\/\/www.mjm-automation.sk\/wp-content\/uploads\/2025\/07\/mjm-automation-projekt-3-9x12.jpeg 9w\" sizes=\"(max-width: 768px) 100vw, 768px\" \/><\/figure>\n\n\n\n<figure class=\"wp-block-image size-full\"><img loading=\"lazy\" decoding=\"async\" width=\"346\" height=\"311\" data-id=\"162\" src=\"https:\/\/www.mjm-automation.sk\/wp-content\/uploads\/2025\/07\/mjm-automation-projekt-4.png\" alt=\"\" class=\"wp-image-162\" srcset=\"https:\/\/www.mjm-automation.sk\/wp-content\/uploads\/2025\/07\/mjm-automation-projekt-4.png 346w, https:\/\/www.mjm-automation.sk\/wp-content\/uploads\/2025\/07\/mjm-automation-projekt-4-300x270.png 300w, https:\/\/www.mjm-automation.sk\/wp-content\/uploads\/2025\/07\/mjm-automation-projekt-4-13x12.png 13w\" sizes=\"(max-width: 346px) 100vw, 346px\" \/><\/figure>\n\n\n\n<figure class=\"wp-block-image size-full\"><img loading=\"lazy\" decoding=\"async\" width=\"1121\" height=\"1410\" data-id=\"405\" src=\"https:\/\/www.mjm-automation.sk\/wp-content\/uploads\/2025\/09\/ITFV2363-1.jpg\" alt=\"\" class=\"wp-image-405\" srcset=\"https:\/\/www.mjm-automation.sk\/wp-content\/uploads\/2025\/09\/ITFV2363-1.jpg 1121w, https:\/\/www.mjm-automation.sk\/wp-content\/uploads\/2025\/09\/ITFV2363-1-239x300.jpg 239w, https:\/\/www.mjm-automation.sk\/wp-content\/uploads\/2025\/09\/ITFV2363-1-814x1024.jpg 814w, https:\/\/www.mjm-automation.sk\/wp-content\/uploads\/2025\/09\/ITFV2363-1-768x966.jpg 768w, https:\/\/www.mjm-automation.sk\/wp-content\/uploads\/2025\/09\/ITFV2363-1-10x12.jpg 10w\" sizes=\"(max-width: 1121px) 100vw, 1121px\" \/><\/figure>\n<\/figure>\n<\/div><\/div>\n\n\n\n<div class=\"wp-block-cover alignfull is-light\" style=\"margin-top:0;margin-bottom:0;padding-top:0;padding-bottom:100px\"><span aria-hidden=\"true\" class=\"wp-block-cover__background has-base-background-color has-background-dim-0 has-background-dim\"><\/span><div class=\"wp-block-cover__inner-container has-global-padding is-layout-constrained wp-container-core-cover-is-layout-3028fe77 wp-block-cover-is-layout-constrained\">\n<figure class=\"wp-block-gallery has-nested-images columns-default is-cropped wp-block-gallery-2 is-layout-flex wp-block-gallery-is-layout-flex\" style=\"margin-top:80px\">\n<figure class=\"wp-block-image size-full\"><img loading=\"lazy\" decoding=\"async\" width=\"768\" height=\"1024\" data-id=\"160\" src=\"https:\/\/www.mjm-automation.sk\/wp-content\/uploads\/2025\/07\/mjm-automation-projekt-6.jpg\" alt=\"\" class=\"wp-image-160\" srcset=\"https:\/\/www.mjm-automation.sk\/wp-content\/uploads\/2025\/07\/mjm-automation-projekt-6.jpg 768w, https:\/\/www.mjm-automation.sk\/wp-content\/uploads\/2025\/07\/mjm-automation-projekt-6-225x300.jpg 225w, https:\/\/www.mjm-automation.sk\/wp-content\/uploads\/2025\/07\/mjm-automation-projekt-6-9x12.jpg 9w\" sizes=\"(max-width: 768px) 100vw, 768px\" \/><\/figure>\n\n\n\n<figure class=\"wp-block-image size-full\"><img loading=\"lazy\" decoding=\"async\" width=\"768\" height=\"1024\" data-id=\"159\" src=\"https:\/\/www.mjm-automation.sk\/wp-content\/uploads\/2025\/07\/mjm-automation-projekt-7.jpg\" alt=\"\" class=\"wp-image-159\" srcset=\"https:\/\/www.mjm-automation.sk\/wp-content\/uploads\/2025\/07\/mjm-automation-projekt-7.jpg 768w, https:\/\/www.mjm-automation.sk\/wp-content\/uploads\/2025\/07\/mjm-automation-projekt-7-225x300.jpg 225w, https:\/\/www.mjm-automation.sk\/wp-content\/uploads\/2025\/07\/mjm-automation-projekt-7-9x12.jpg 9w\" sizes=\"(max-width: 768px) 100vw, 768px\" \/><\/figure>\n\n\n\n<figure class=\"wp-block-image size-full\"><img loading=\"lazy\" decoding=\"async\" width=\"1200\" height=\"1600\" data-id=\"139\" src=\"https:\/\/www.mjm-automation.sk\/wp-content\/uploads\/2024\/09\/IMG-20240823-WA0007.jpg\" alt=\"\" class=\"wp-image-139\" srcset=\"https:\/\/www.mjm-automation.sk\/wp-content\/uploads\/2024\/09\/IMG-20240823-WA0007.jpg 1200w, https:\/\/www.mjm-automation.sk\/wp-content\/uploads\/2024\/09\/IMG-20240823-WA0007-225x300.jpg 225w, https:\/\/www.mjm-automation.sk\/wp-content\/uploads\/2024\/09\/IMG-20240823-WA0007-768x1024.jpg 768w, https:\/\/www.mjm-automation.sk\/wp-content\/uploads\/2024\/09\/IMG-20240823-WA0007-1152x1536.jpg 1152w, https:\/\/www.mjm-automation.sk\/wp-content\/uploads\/2024\/09\/IMG-20240823-WA0007-9x12.jpg 9w\" sizes=\"(max-width: 1200px) 100vw, 1200px\" \/><\/figure>\n<\/figure>\n<\/div><\/div>","protected":false},"excerpt":{"rendered":"<p>Automation solutions<\/p>","protected":false},"author":1,"featured_media":0,"parent":0,"menu_order":0,"comment_status":"closed","ping_status":"closed","template":"","meta":{"footnotes":""},"class_list":["post-14","page","type-page","status-publish","hentry"],"rttpg_featured_image_url":null,"rttpg_author":{"display_name":"Milan Lys\u00edk","author_link":"https:\/\/www.mjm-automation.sk\/en\/author\/mjm-automation\/"},"rttpg_comment":0,"rttpg_category":null,"rttpg_excerpt":"Automatiza\u010dn\u00e9 rie\u0161enia","_links":{"self":[{"href":"https:\/\/www.mjm-automation.sk\/en\/wp-json\/wp\/v2\/pages\/14","targetHints":{"allow":["GET"]}}],"collection":[{"href":"https:\/\/www.mjm-automation.sk\/en\/wp-json\/wp\/v2\/pages"}],"about":[{"href":"https:\/\/www.mjm-automation.sk\/en\/wp-json\/wp\/v2\/types\/page"}],"author":[{"embeddable":true,"href":"https:\/\/www.mjm-automation.sk\/en\/wp-json\/wp\/v2\/users\/1"}],"replies":[{"embeddable":true,"href":"https:\/\/www.mjm-automation.sk\/en\/wp-json\/wp\/v2\/comments?post=14"}],"version-history":[{"count":6,"href":"https:\/\/www.mjm-automation.sk\/en\/wp-json\/wp\/v2\/pages\/14\/revisions"}],"predecessor-version":[{"id":406,"href":"https:\/\/www.mjm-automation.sk\/en\/wp-json\/wp\/v2\/pages\/14\/revisions\/406"}],"wp:attachment":[{"href":"https:\/\/www.mjm-automation.sk\/en\/wp-json\/wp\/v2\/media?parent=14"}],"curies":[{"name":"wp","href":"https:\/\/api.w.org\/{rel}","templated":true}]}}