{"id":12,"date":"2024-05-16T20:06:18","date_gmt":"2024-05-16T18:06:18","guid":{"rendered":"https:\/\/www.mjm-automation.sk\/?page_id=12"},"modified":"2026-03-09T22:03:16","modified_gmt":"2026-03-09T21:03:16","slug":"about","status":"publish","type":"page","link":"https:\/\/www.mjm-automation.sk\/en\/about\/","title":{"rendered":"About Us"},"content":{"rendered":"<div class=\"wp-block-group alignfull has-global-padding is-layout-constrained wp-container-core-group-is-layout-0117c4cf wp-block-group-is-layout-constrained\" style=\"padding-top:80px;padding-bottom:80px\">\n<h1 class=\"wp-block-heading has-text-align-center has-text-color\" style=\"color:#000000;font-size:clamp(32.518px, 2.032rem + ((1vw - 3.2px) * 2.896), 58px);line-height:1.2;text-transform:uppercase\">About Us<\/h1>\n\n\n\n<hr class=\"wp-block-separator has-text-color has-alpha-channel-opacity has-background\" style=\"margin-top:10px;margin-bottom:0px;background-color:#949494;color:#949494\"\/>\n<\/div>\n\n\n\n<div class=\"wp-block-cover alignfull\" style=\"min-height:80vh;aspect-ratio:unset;\"><img fetchpriority=\"high\" decoding=\"async\" width=\"1920\" height=\"1200\" class=\"wp-block-cover__image-background wp-image-46\" alt=\"\" src=\"https:\/\/www.mjm-automation.sk\/wp-content\/uploads\/2024\/05\/O-nas-MJM.jpg\" data-object-fit=\"cover\" srcset=\"https:\/\/www.mjm-automation.sk\/wp-content\/uploads\/2024\/05\/O-nas-MJM.jpg 1920w, https:\/\/www.mjm-automation.sk\/wp-content\/uploads\/2024\/05\/O-nas-MJM-300x188.jpg 300w, https:\/\/www.mjm-automation.sk\/wp-content\/uploads\/2024\/05\/O-nas-MJM-1024x640.jpg 1024w, https:\/\/www.mjm-automation.sk\/wp-content\/uploads\/2024\/05\/O-nas-MJM-768x480.jpg 768w, https:\/\/www.mjm-automation.sk\/wp-content\/uploads\/2024\/05\/O-nas-MJM-1536x960.jpg 1536w\" sizes=\"(max-width: 1920px) 100vw, 1920px\" \/><span aria-hidden=\"true\" class=\"wp-block-cover__background has-contrast-background-color has-background-dim\"><\/span><div class=\"wp-block-cover__inner-container has-global-padding is-layout-constrained wp-block-cover-is-layout-constrained\">\n<p class=\"has-text-align-center has-large-font-size\">Professional approach.<\/p>\n<\/div><\/div>\n\n\n\n<div class=\"wp-block-cover alignfull is-light\" style=\"margin-top:0;margin-bottom:0;padding-top:120px;padding-bottom:120px;min-height:695px;aspect-ratio:unset;\"><span aria-hidden=\"true\" class=\"wp-block-cover__background has-custom-color-3-background-color has-background-dim-0 has-background-dim\"><\/span><div class=\"wp-block-cover__inner-container has-global-padding is-layout-constrained wp-container-core-cover-is-layout-3d678ac5 wp-block-cover-is-layout-constrained\">\n<div class=\"wp-block-columns is-layout-flex wp-container-core-columns-is-layout-28f84493 wp-block-columns-is-layout-flex\">\n<div class=\"wp-block-column is-layout-flow wp-block-column-is-layout-flow\" style=\"flex-basis:60%\">\n<h3 class=\"wp-block-heading has-text-color\" style=\"color:#000000;margin-bottom:60px;font-size:clamp(22.041px, 1.378rem + ((1vw - 3.2px) * 1.586), 36px);font-style:normal;font-weight:400;line-height:1.5\">Our offered services.<\/h3>\n<\/div>\n\n\n\n<div class=\"wp-block-column is-layout-flow wp-block-column-is-layout-flow\" style=\"flex-basis:33.33%\"><\/div>\n<\/div>\n\n\n\n<div class=\"wp-block-columns is-layout-flex wp-container-core-columns-is-layout-28f84493 wp-block-columns-is-layout-flex\">\n<div class=\"wp-block-column has-custom-color-2-color has-text-color has-global-padding is-content-justification-left is-layout-constrained wp-container-core-column-is-layout-12dd3699 wp-block-column-is-layout-constrained\" style=\"flex-basis:200px\">\n<hr class=\"wp-block-separator has-text-color has-contrast-color has-alpha-channel-opacity has-contrast-background-color has-background\"\/>\n<\/div>\n\n\n\n<div class=\"wp-block-column is-layout-flow wp-block-column-is-layout-flow\" style=\"flex-basis:36%\">\n<p class=\"has-text-color\" style=\"color:#737373;font-size:clamp(14px, 0.875rem + ((1vw - 3.2px) * 0.227), 16px);font-style:normal;font-weight:500;letter-spacing:1px;line-height:1;text-transform:uppercase\">Automation systems<\/p>\n\n\n\n<p class=\"has-text-color\" style=\"color:#737373;font-size:clamp(14px, 0.875rem + ((1vw - 3.2px) * 0.227), 16px);font-style:normal;font-weight:500;letter-spacing:1px;line-height:1;text-transform:uppercase\">Custom machines<\/p>\n\n\n\n<p class=\"has-text-color\" style=\"color:#737373;font-size:clamp(14px, 0.875rem + ((1vw - 3.2px) * 0.227), 16px);font-style:normal;font-weight:500;letter-spacing:1px;line-height:1;text-transform:uppercase\">Optimalization of production lines<\/p>\n\n\n\n<p class=\"has-text-color\" style=\"color:#737373;font-size:clamp(14px, 0.875rem + ((1vw - 3.2px) * 0.227), 16px);font-style:normal;font-weight:500;letter-spacing:1px;line-height:1;text-transform:uppercase\">Robotics integration<\/p>\n\n\n\n<p class=\"has-text-color\" style=\"color:#737373;font-size:clamp(14px, 0.875rem + ((1vw - 3.2px) * 0.227), 16px);font-style:normal;font-weight:500;letter-spacing:1px;line-height:1;text-transform:uppercase\">zv\u00e1ra\u010dsk\u00e9 pr\u00e1ce<\/p>\n\n\n\n<p class=\"has-text-color\" style=\"color:#737373;font-size:clamp(14px, 0.875rem + ((1vw - 3.2px) * 0.227), 16px);font-style:normal;font-weight:500;letter-spacing:1px;line-height:1;text-transform:uppercase\">\u010cistiace slu\u017eby<\/p>\n<\/div>\n\n\n\n<div class=\"wp-block-column is-layout-flow wp-block-column-is-layout-flow\" style=\"flex-basis:36%\">\n<p>At MJM Automation, we offer a wide range of services to optimize and streamline your production processes. From automation systems and custom machines to production line optimization, our experienced team provides tailored solutions to enhance your operations. Whether it's consultancy for efficiency, robotics integration, or quality control solutions, we are committed to maximizing productivity and the success of your business.<\/p>\n<\/div>\n<\/div>\n<\/div><\/div>\n\n\n\n<div class=\"wp-block-cover alignfull is-light\" style=\"margin-top:0;margin-bottom:0;padding-top:120px;padding-bottom:120px;min-height:1040px;aspect-ratio:unset;\"><span aria-hidden=\"true\" class=\"wp-block-cover__background has-background-dim-100 has-background-dim\" style=\"background-color:#f7f8f9\"><\/span><div class=\"wp-block-cover__inner-container has-global-padding is-layout-constrained wp-container-core-cover-is-layout-3d678ac5 wp-block-cover-is-layout-constrained\">\n<div class=\"wp-block-columns is-layout-flex wp-container-core-columns-is-layout-28f84493 wp-block-columns-is-layout-flex\">\n<div class=\"wp-block-column is-layout-flow wp-block-column-is-layout-flow\" style=\"flex-basis:60%\">\n<p class=\"has-text-color\" style=\"color:#737373;font-size:clamp(14px, 0.875rem + ((1vw - 3.2px) * 0.455), 18px);line-height:1.5\">Meet our team<\/p>\n\n\n\n<h2 class=\"wp-block-heading has-text-color\" style=\"color:#000000;padding-bottom:60px;font-size:clamp(29.768px, 1.861rem + ((1vw - 3.2px) * 2.526), 52px);line-height:1.2\">Meet the people who lead MJM Automation.<\/h2>\n<\/div>\n<\/div>\n\n\n\n<div class=\"wp-block-columns is-layout-flex wp-container-core-columns-is-layout-1b715042 wp-block-columns-is-layout-flex\">\n<div class=\"wp-block-column is-layout-flow wp-block-column-is-layout-flow\">\n<figure class=\"wp-block-image size-full\"><img decoding=\"async\" width=\"1707\" height=\"2560\" src=\"https:\/\/www.mjm-automation.sk\/wp-content\/uploads\/2025\/07\/vedenie-firmy.jpg\" alt=\"\" class=\"wp-image-169\" style=\"aspect-ratio:3\/4;object-fit:cover\" srcset=\"https:\/\/www.mjm-automation.sk\/wp-content\/uploads\/2025\/07\/vedenie-firmy.jpg 1707w, https:\/\/www.mjm-automation.sk\/wp-content\/uploads\/2025\/07\/vedenie-firmy-200x300.jpg 200w, https:\/\/www.mjm-automation.sk\/wp-content\/uploads\/2025\/07\/vedenie-firmy-683x1024.jpg 683w, https:\/\/www.mjm-automation.sk\/wp-content\/uploads\/2025\/07\/vedenie-firmy-768x1152.jpg 768w, https:\/\/www.mjm-automation.sk\/wp-content\/uploads\/2025\/07\/vedenie-firmy-1024x1536.jpg 1024w, https:\/\/www.mjm-automation.sk\/wp-content\/uploads\/2025\/07\/vedenie-firmy-1366x2048.jpg 1366w, https:\/\/www.mjm-automation.sk\/wp-content\/uploads\/2025\/07\/vedenie-firmy-8x12.jpg 8w\" sizes=\"(max-width: 1707px) 100vw, 1707px\" \/><\/figure>\n\n\n\n<ul class=\"wp-block-social-links has-icon-color has-icon-background-color is-content-justification-center is-layout-flex wp-container-core-social-links-is-layout-a89b3969 wp-block-social-links-is-layout-flex\"><li style=\"color: #ffffff; background-color: #434343; \" class=\"wp-social-link wp-social-link-mail has-base-color has-custom-color-2-background-color wp-block-social-link\"><a href=\"#\" class=\"wp-block-social-link-anchor\"><svg width=\"24\" height=\"24\" viewbox=\"0 0 24 24\" version=\"1.1\" xmlns=\"http:\/\/www.w3.org\/2000\/svg\" aria-hidden=\"true\" focusable=\"false\"><path d=\"M19,5H5c-1.1,0-2,.9-2,2v10c0,1.1.9,2,2,2h14c1.1,0,2-.9,2-2V7c0-1.1-.9-2-2-2zm.5,12c0,.3-.2.5-.5.5H5c-.3,0-.5-.2-.5-.5V9.8l7.5,5.6,7.5-5.6V17zm0-9.1L12,13.6,4.5,7.9V7c0-.3.2-.5.5-.5h14c.3,0,.5.2.5.5v.9z\"><\/path><\/svg><span class=\"wp-block-social-link-label screen-reader-text\">Mail<\/span><\/a><\/li><\/ul>\n\n\n\n<p class=\"has-text-align-center has-text-color\" style=\"color:#000000;margin-top:40px;font-size:clamp(20px, 1.25rem + ((1vw - 3.2px) * 1.364), 32px);font-style:normal;font-weight:600;line-height:1\">Milan Lysik<\/p>\n\n\n\n<p class=\"has-text-align-center\">+421 949 746 708<\/p>\n\n\n\n<div class=\"wp-block-group is-content-justification-center is-nowrap is-layout-flex wp-container-core-group-is-layout-23441af8 wp-block-group-is-layout-flex\">\n<figure class=\"wp-block-image aligncenter size-large is-resized\"><img decoding=\"async\" width=\"1024\" height=\"683\" src=\"https:\/\/www.mjm-automation.sk\/wp-content\/uploads\/2026\/03\/slovenska-vlajka-1024x683.webp\" alt=\"\" class=\"wp-image-587\" style=\"width:43px;height:auto\" srcset=\"https:\/\/www.mjm-automation.sk\/wp-content\/uploads\/2026\/03\/slovenska-vlajka-1024x683.webp 1024w, https:\/\/www.mjm-automation.sk\/wp-content\/uploads\/2026\/03\/slovenska-vlajka-300x200.webp 300w, https:\/\/www.mjm-automation.sk\/wp-content\/uploads\/2026\/03\/slovenska-vlajka-768x512.webp 768w, https:\/\/www.mjm-automation.sk\/wp-content\/uploads\/2026\/03\/slovenska-vlajka-18x12.webp 18w, https:\/\/www.mjm-automation.sk\/wp-content\/uploads\/2026\/03\/slovenska-vlajka.webp 1200w\" sizes=\"(max-width: 1024px) 100vw, 1024px\" \/><\/figure>\n\n\n\n<figure class=\"wp-block-image size-large is-resized\"><img loading=\"lazy\" decoding=\"async\" width=\"1024\" height=\"640\" src=\"https:\/\/www.mjm-automation.sk\/wp-content\/uploads\/2026\/03\/pl-1024x640.png\" alt=\"\" class=\"wp-image-588\" style=\"width:45px;height:auto\" srcset=\"https:\/\/www.mjm-automation.sk\/wp-content\/uploads\/2026\/03\/pl-1024x640.png 1024w, https:\/\/www.mjm-automation.sk\/wp-content\/uploads\/2026\/03\/pl-300x188.png 300w, https:\/\/www.mjm-automation.sk\/wp-content\/uploads\/2026\/03\/pl-768x480.png 768w, https:\/\/www.mjm-automation.sk\/wp-content\/uploads\/2026\/03\/pl-18x12.png 18w, https:\/\/www.mjm-automation.sk\/wp-content\/uploads\/2026\/03\/pl.png 1280w\" sizes=\"(max-width: 1024px) 100vw, 1024px\" \/><\/figure>\n<\/div>\n\n\n\n<p class=\"has-text-align-center has-text-color\" style=\"color:#737373;font-size:clamp(14px, 0.875rem + ((1vw - 3.2px) * 0.227), 16px);line-height:1.5\">HR manager<\/p>\n<\/div>\n\n\n\n<div class=\"wp-block-column is-layout-flow wp-block-column-is-layout-flow\">\n<figure class=\"wp-block-image size-full\"><img loading=\"lazy\" decoding=\"async\" width=\"2319\" height=\"2560\" src=\"https:\/\/www.mjm-automation.sk\/wp-content\/uploads\/2025\/07\/vedenie-firmy-1.jpg\" alt=\"\" class=\"wp-image-171\" style=\"aspect-ratio:3\/4;object-fit:cover\" srcset=\"https:\/\/www.mjm-automation.sk\/wp-content\/uploads\/2025\/07\/vedenie-firmy-1.jpg 2319w, https:\/\/www.mjm-automation.sk\/wp-content\/uploads\/2025\/07\/vedenie-firmy-1-272x300.jpg 272w, https:\/\/www.mjm-automation.sk\/wp-content\/uploads\/2025\/07\/vedenie-firmy-1-928x1024.jpg 928w, https:\/\/www.mjm-automation.sk\/wp-content\/uploads\/2025\/07\/vedenie-firmy-1-768x848.jpg 768w, https:\/\/www.mjm-automation.sk\/wp-content\/uploads\/2025\/07\/vedenie-firmy-1-1391x1536.jpg 1391w, https:\/\/www.mjm-automation.sk\/wp-content\/uploads\/2025\/07\/vedenie-firmy-1-1855x2048.jpg 1855w, https:\/\/www.mjm-automation.sk\/wp-content\/uploads\/2025\/07\/vedenie-firmy-1-11x12.jpg 11w\" sizes=\"(max-width: 2319px) 100vw, 2319px\" \/><\/figure>\n\n\n\n<ul class=\"wp-block-social-links has-icon-color has-icon-background-color is-content-justification-center is-layout-flex wp-container-core-social-links-is-layout-a89b3969 wp-block-social-links-is-layout-flex\"><li style=\"color: #ffffff; background-color: #434343; \" class=\"wp-social-link wp-social-link-mail has-base-color has-custom-color-2-background-color wp-block-social-link\"><a href=\"#\" class=\"wp-block-social-link-anchor\"><svg width=\"24\" height=\"24\" viewbox=\"0 0 24 24\" version=\"1.1\" xmlns=\"http:\/\/www.w3.org\/2000\/svg\" aria-hidden=\"true\" focusable=\"false\"><path d=\"M19,5H5c-1.1,0-2,.9-2,2v10c0,1.1.9,2,2,2h14c1.1,0,2-.9,2-2V7c0-1.1-.9-2-2-2zm.5,12c0,.3-.2.5-.5.5H5c-.3,0-.5-.2-.5-.5V9.8l7.5,5.6,7.5-5.6V17zm0-9.1L12,13.6,4.5,7.9V7c0-.3.2-.5.5-.5h14c.3,0,.5.2.5.5v.9z\"><\/path><\/svg><span class=\"wp-block-social-link-label screen-reader-text\">Mail<\/span><\/a><\/li><\/ul>\n\n\n\n<p class=\"has-text-align-center has-text-color\" style=\"color:#000000;margin-top:40px;font-size:clamp(20px, 1.25rem + ((1vw - 3.2px) * 1.364), 32px);font-style:normal;font-weight:600;line-height:1\">Milan Homola<\/p>\n\n\n\n<p class=\"has-text-align-center\">+421 905 437 754 <\/p>\n\n\n\n<div class=\"wp-block-group is-content-justification-center is-nowrap is-layout-flex wp-container-core-group-is-layout-23441af8 wp-block-group-is-layout-flex\">\n<figure class=\"wp-block-image aligncenter size-large is-resized\"><img decoding=\"async\" width=\"1024\" height=\"683\" src=\"https:\/\/www.mjm-automation.sk\/wp-content\/uploads\/2026\/03\/slovenska-vlajka-1024x683.webp\" alt=\"\" class=\"wp-image-587\" style=\"width:43px;height:auto\" srcset=\"https:\/\/www.mjm-automation.sk\/wp-content\/uploads\/2026\/03\/slovenska-vlajka-1024x683.webp 1024w, https:\/\/www.mjm-automation.sk\/wp-content\/uploads\/2026\/03\/slovenska-vlajka-300x200.webp 300w, https:\/\/www.mjm-automation.sk\/wp-content\/uploads\/2026\/03\/slovenska-vlajka-768x512.webp 768w, https:\/\/www.mjm-automation.sk\/wp-content\/uploads\/2026\/03\/slovenska-vlajka-18x12.webp 18w, https:\/\/www.mjm-automation.sk\/wp-content\/uploads\/2026\/03\/slovenska-vlajka.webp 1200w\" sizes=\"(max-width: 1024px) 100vw, 1024px\" \/><\/figure>\n\n\n\n<figure class=\"wp-block-image size-large is-resized\"><img loading=\"lazy\" decoding=\"async\" width=\"1024\" height=\"640\" src=\"https:\/\/www.mjm-automation.sk\/wp-content\/uploads\/2026\/03\/pl-1024x640.png\" alt=\"\" class=\"wp-image-588\" style=\"width:45px;height:auto\" srcset=\"https:\/\/www.mjm-automation.sk\/wp-content\/uploads\/2026\/03\/pl-1024x640.png 1024w, https:\/\/www.mjm-automation.sk\/wp-content\/uploads\/2026\/03\/pl-300x188.png 300w, https:\/\/www.mjm-automation.sk\/wp-content\/uploads\/2026\/03\/pl-768x480.png 768w, https:\/\/www.mjm-automation.sk\/wp-content\/uploads\/2026\/03\/pl-18x12.png 18w, https:\/\/www.mjm-automation.sk\/wp-content\/uploads\/2026\/03\/pl.png 1280w\" sizes=\"(max-width: 1024px) 100vw, 1024px\" \/><\/figure>\n<\/div>\n\n\n\n<p class=\"has-text-align-center has-text-color\" style=\"color:#737373;font-size:clamp(14px, 0.875rem + ((1vw - 3.2px) * 0.227), 16px);line-height:1.5\">CFO<\/p>\n<\/div>\n\n\n\n<div class=\"wp-block-column is-layout-flow wp-block-column-is-layout-flow\">\n<figure class=\"wp-block-image size-full\"><img loading=\"lazy\" decoding=\"async\" width=\"768\" height=\"898\" src=\"https:\/\/www.mjm-automation.sk\/wp-content\/uploads\/2025\/07\/vedenie-firmy-2.jpg\" alt=\"\" class=\"wp-image-173\" style=\"aspect-ratio:3\/4;object-fit:cover\" srcset=\"https:\/\/www.mjm-automation.sk\/wp-content\/uploads\/2025\/07\/vedenie-firmy-2.jpg 768w, https:\/\/www.mjm-automation.sk\/wp-content\/uploads\/2025\/07\/vedenie-firmy-2-257x300.jpg 257w, https:\/\/www.mjm-automation.sk\/wp-content\/uploads\/2025\/07\/vedenie-firmy-2-10x12.jpg 10w\" sizes=\"(max-width: 768px) 100vw, 768px\" \/><\/figure>\n\n\n\n<ul class=\"wp-block-social-links has-icon-color has-icon-background-color is-content-justification-center is-layout-flex wp-container-core-social-links-is-layout-a89b3969 wp-block-social-links-is-layout-flex\"><li style=\"color: #ffffff; background-color: #434343; \" class=\"wp-social-link wp-social-link-mail has-base-color has-custom-color-2-background-color wp-block-social-link\"><a href=\"#\" class=\"wp-block-social-link-anchor\"><svg width=\"24\" height=\"24\" viewbox=\"0 0 24 24\" version=\"1.1\" xmlns=\"http:\/\/www.w3.org\/2000\/svg\" aria-hidden=\"true\" focusable=\"false\"><path d=\"M19,5H5c-1.1,0-2,.9-2,2v10c0,1.1.9,2,2,2h14c1.1,0,2-.9,2-2V7c0-1.1-.9-2-2-2zm.5,12c0,.3-.2.5-.5.5H5c-.3,0-.5-.2-.5-.5V9.8l7.5,5.6,7.5-5.6V17zm0-9.1L12,13.6,4.5,7.9V7c0-.3.2-.5.5-.5h14c.3,0,.5.2.5.5v.9z\"><\/path><\/svg><span class=\"wp-block-social-link-label screen-reader-text\">Mail<\/span><\/a><\/li><\/ul>\n\n\n\n<p class=\"has-text-align-center has-text-color\" style=\"color:#000000;margin-top:40px;font-size:clamp(20px, 1.25rem + ((1vw - 3.2px) * 1.364), 32px);font-style:normal;font-weight:600;line-height:1\">J\u00e1n Lysik<\/p>\n\n\n\n<p class=\"has-text-align-center\">+421 915 214 244<\/p>\n\n\n\n<div class=\"wp-block-group is-content-justification-center is-nowrap is-layout-flex wp-container-core-group-is-layout-23441af8 wp-block-group-is-layout-flex\">\n<figure class=\"wp-block-image aligncenter size-large is-resized\"><img loading=\"lazy\" decoding=\"async\" width=\"1024\" height=\"614\" src=\"https:\/\/www.mjm-automation.sk\/wp-content\/uploads\/2026\/03\/de-1024x614.png\" alt=\"\" class=\"wp-image-589\" style=\"width:43px;height:auto\" srcset=\"https:\/\/www.mjm-automation.sk\/wp-content\/uploads\/2026\/03\/de-1024x614.png 1024w, https:\/\/www.mjm-automation.sk\/wp-content\/uploads\/2026\/03\/de-300x180.png 300w, https:\/\/www.mjm-automation.sk\/wp-content\/uploads\/2026\/03\/de-768x461.png 768w, https:\/\/www.mjm-automation.sk\/wp-content\/uploads\/2026\/03\/de-1536x922.png 1536w, https:\/\/www.mjm-automation.sk\/wp-content\/uploads\/2026\/03\/de-2048x1229.png 2048w, https:\/\/www.mjm-automation.sk\/wp-content\/uploads\/2026\/03\/de-18x12.png 18w\" sizes=\"(max-width: 1024px) 100vw, 1024px\" \/><\/figure>\n\n\n\n<figure class=\"wp-block-image size-large is-resized\"><img loading=\"lazy\" decoding=\"async\" width=\"1024\" height=\"512\" src=\"https:\/\/www.mjm-automation.sk\/wp-content\/uploads\/2026\/03\/Flag_of_the_United_Kingdom_1-2.svg_-1024x512.png\" alt=\"\" class=\"wp-image-590\" style=\"width:45px;height:auto\" srcset=\"https:\/\/www.mjm-automation.sk\/wp-content\/uploads\/2026\/03\/Flag_of_the_United_Kingdom_1-2.svg_-1024x512.png 1024w, https:\/\/www.mjm-automation.sk\/wp-content\/uploads\/2026\/03\/Flag_of_the_United_Kingdom_1-2.svg_-300x150.png 300w, https:\/\/www.mjm-automation.sk\/wp-content\/uploads\/2026\/03\/Flag_of_the_United_Kingdom_1-2.svg_-768x384.png 768w, https:\/\/www.mjm-automation.sk\/wp-content\/uploads\/2026\/03\/Flag_of_the_United_Kingdom_1-2.svg_-18x9.png 18w, https:\/\/www.mjm-automation.sk\/wp-content\/uploads\/2026\/03\/Flag_of_the_United_Kingdom_1-2.svg_.png 1280w\" sizes=\"(max-width: 1024px) 100vw, 1024px\" \/><\/figure>\n<\/div>\n\n\n\n<p class=\"has-text-align-center has-text-color\" style=\"color:#737373;font-size:clamp(14px, 0.875rem + ((1vw - 3.2px) * 0.227), 16px);line-height:1.5\">Business Director<\/p>\n<\/div>\n<\/div>\n<\/div><\/div>\n\n\n\n<div class=\"wp-block-cover alignfull\" style=\"margin-top:0px;margin-bottom:0px;padding-top:150px;padding-bottom:150px;aspect-ratio:unset;\"><img decoding=\"async\" class=\"wp-block-cover__image-background wp-image-1499\" alt=\"\" src=\"https:\/\/tyler.com\/wp-content\/uploads\/2023\/10\/Marble-Home-5th-cover-image.jpeg\" style=\"object-position:51% 50%\" data-object-fit=\"cover\" data-object-position=\"51% 50%\"\/><span aria-hidden=\"true\" class=\"wp-block-cover__background has-black-background-color has-background-dim-60 has-background-dim\"><\/span><div class=\"wp-block-cover__inner-container has-global-padding is-layout-constrained wp-container-core-cover-is-layout-fbb1768e wp-block-cover-is-layout-constrained\">\n<h2 class=\"wp-block-heading has-text-align-center has-text-color\" style=\"color:#ffffff;margin-top:0;font-size:clamp(33.419px, 2.089rem + ((1vw - 3.2px) * 3.021), 60px);font-style:normal;font-weight:400;line-height:1\">Let's connect and transform your business.<\/h2>\n\n\n\n<div class=\"wp-block-group has-global-padding is-layout-constrained wp-container-core-group-is-layout-bea02a06 wp-block-group-is-layout-constrained\">\n<p class=\"has-text-align-center has-text-color\" style=\"color:#ffffff;margin-top:32px;font-size:clamp(14px, 0.875rem + ((1vw - 3.2px) * 0.682), 20px);line-height:1.5\">Are you ready to take the first step toward revolutionizing your production processes? Contact us today and let's ensure your business becomes more efficient and more profitable.<\/p>\n<\/div>\n\n\n\n<div class=\"wp-block-buttons is-content-justification-center is-layout-flex wp-container-core-buttons-is-layout-b72de6f7 wp-block-buttons-is-layout-flex\" style=\"margin-top:40px;margin-bottom:0px\">\n<div class=\"wp-block-button is-style-fill\"><a class=\"wp-block-button__link has-text-color has-background has-border-color has-custom-font-size wp-element-button\" style=\"border-color:#345c0091;border-width:1px;border-radius:0px;color:#000000;background-color:#fecc52;padding-top:10px;padding-right:30px;padding-bottom:10px;padding-left:30px;font-size:clamp(14px, 0.875rem + ((1vw - 3.2px) * 0.455), 18px);font-style:normal;font-weight:500;text-transform:uppercase\">Stay in touch<\/a><\/div>\n<\/div>\n<\/div><\/div>","protected":false},"excerpt":{"rendered":"<p>About Us<\/p>","protected":false},"author":1,"featured_media":0,"parent":0,"menu_order":0,"comment_status":"closed","ping_status":"closed","template":"","meta":{"footnotes":""},"class_list":["post-12","page","type-page","status-publish","hentry"],"rttpg_featured_image_url":null,"rttpg_author":{"display_name":"Milan Lys\u00edk","author_link":"https:\/\/www.mjm-automation.sk\/en\/author\/mjm-automation\/"},"rttpg_comment":0,"rttpg_category":null,"rttpg_excerpt":"O n\u00e1s","_links":{"self":[{"href":"https:\/\/www.mjm-automation.sk\/en\/wp-json\/wp\/v2\/pages\/12","targetHints":{"allow":["GET"]}}],"collection":[{"href":"https:\/\/www.mjm-automation.sk\/en\/wp-json\/wp\/v2\/pages"}],"about":[{"href":"https:\/\/www.mjm-automation.sk\/en\/wp-json\/wp\/v2\/types\/page"}],"author":[{"embeddable":true,"href":"https:\/\/www.mjm-automation.sk\/en\/wp-json\/wp\/v2\/users\/1"}],"replies":[{"embeddable":true,"href":"https:\/\/www.mjm-automation.sk\/en\/wp-json\/wp\/v2\/comments?post=12"}],"version-history":[{"count":5,"href":"https:\/\/www.mjm-automation.sk\/en\/wp-json\/wp\/v2\/pages\/12\/revisions"}],"predecessor-version":[{"id":591,"href":"https:\/\/www.mjm-automation.sk\/en\/wp-json\/wp\/v2\/pages\/12\/revisions\/591"}],"wp:attachment":[{"href":"https:\/\/www.mjm-automation.sk\/en\/wp-json\/wp\/v2\/media?parent=12"}],"curies":[{"name":"wp","href":"https:\/\/api.w.org\/{rel}","templated":true}]}}